{"id":23,"date":"2020-06-03T13:20:43","date_gmt":"2020-06-03T10:20:43","guid":{"rendered":"https:\/\/celikyapisanayi.com\/cozum-ortaklari\/"},"modified":"2021-10-12T11:22:42","modified_gmt":"2021-10-12T08:22:42","slug":"cozum-ortaklari","status":"publish","type":"page","link":"https:\/\/celikyapisanayi.com\/?page_id=23","title":{"rendered":"\u00c7\u00f6z\u00fcm Ortaklar\u0131"},"content":{"rendered":"\n<p>Bu sayfada Referanslar Sayfa \u015eablonu ile olu\u015fturulmu\u015f bir galeri g\u00f6rmektesiniz. Sayfa i\u00e7ine galeri d\u0131\u015f\u0131nda ba\u015fka elemanlar da ekleyebilirsiniz.<\/p>\n\n\n\n<figure class=\"wp-block-gallery columns-3 wp-block-gallery-1 is-layout-flex wp-block-gallery-is-layout-flex\"><ul class=\"blocks-gallery-grid\"><li class=\"blocks-gallery-item\"><figure><img loading=\"lazy\" decoding=\"async\" width=\"500\" height=\"88\" src=\"https:\/\/celikyapisanayi.com\/wp-content\/uploads\/2021\/10\/ads.png\" alt=\"\" data-id=\"121\" data-full-url=\"https:\/\/celikyapisanayi.com\/wp-content\/uploads\/2021\/10\/ads.png\" data-link=\"https:\/\/celikyapisanayi.com\/cozum-ortaklari\/ads\/\" class=\"wp-image-121\" srcset=\"https:\/\/celikyapisanayi.com\/wp-content\/uploads\/2021\/10\/ads.png 500w, https:\/\/celikyapisanayi.com\/wp-content\/uploads\/2021\/10\/ads-300x53.png 300w\" sizes=\"auto, (max-width: 500px) 100vw, 500px\" \/><\/figure><\/li><li class=\"blocks-gallery-item\"><figure><img decoding=\"async\" src=\"https:\/\/celikyapisanayi.com\/wp-content\/uploads\/2021\/10\/cpanel.png\" alt=\"\" data-id=\"122\" data-full-url=\"https:\/\/celikyapisanayi.com\/wp-content\/uploads\/2021\/10\/cpanel.png\" data-link=\"https:\/\/celikyapisanayi.com\/cozum-ortaklari\/cpanel\/\" class=\"wp-image-122\"\/><\/figure><\/li><li class=\"blocks-gallery-item\"><figure><img decoding=\"async\" src=\"https:\/\/celikyapisanayi.com\/wp-content\/uploads\/2021\/10\/litespeed.png\" alt=\"\" data-id=\"123\" data-full-url=\"https:\/\/celikyapisanayi.com\/wp-content\/uploads\/2021\/10\/litespeed.png\" data-link=\"https:\/\/celikyapisanayi.com\/cozum-ortaklari\/litespeed\/\" class=\"wp-image-123\"\/><\/figure><\/li><li class=\"blocks-gallery-item\"><figure><img loading=\"lazy\" decoding=\"async\" width=\"500\" height=\"107\" src=\"https:\/\/celikyapisanayi.com\/wp-content\/uploads\/2021\/10\/microsoft.png\" alt=\"\" data-id=\"124\" data-full-url=\"https:\/\/celikyapisanayi.com\/wp-content\/uploads\/2021\/10\/microsoft.png\" data-link=\"https:\/\/celikyapisanayi.com\/cozum-ortaklari\/microsoft\/\" class=\"wp-image-124\" srcset=\"https:\/\/celikyapisanayi.com\/wp-content\/uploads\/2021\/10\/microsoft.png 500w, https:\/\/celikyapisanayi.com\/wp-content\/uploads\/2021\/10\/microsoft-300x64.png 300w\" sizes=\"auto, (max-width: 500px) 100vw, 500px\" \/><\/figure><\/li><li class=\"blocks-gallery-item\"><figure><img decoding=\"async\" src=\"https:\/\/celikyapisanayi.com\/wp-content\/uploads\/2021\/10\/mysql.png\" alt=\"\" data-id=\"125\" data-full-url=\"https:\/\/celikyapisanayi.com\/wp-content\/uploads\/2021\/10\/mysql.png\" data-link=\"https:\/\/celikyapisanayi.com\/cozum-ortaklari\/mysql\/\" class=\"wp-image-125\"\/><\/figure><\/li><li class=\"blocks-gallery-item\"><figure><img loading=\"lazy\" decoding=\"async\" width=\"483\" height=\"193\" src=\"https:\/\/celikyapisanayi.com\/wp-content\/uploads\/2021\/10\/plesk.png\" alt=\"\" data-id=\"126\" data-full-url=\"https:\/\/celikyapisanayi.com\/wp-content\/uploads\/2021\/10\/plesk.png\" data-link=\"https:\/\/celikyapisanayi.com\/cozum-ortaklari\/plesk\/\" class=\"wp-image-126\" srcset=\"https:\/\/celikyapisanayi.com\/wp-content\/uploads\/2021\/10\/plesk.png 483w, https:\/\/celikyapisanayi.com\/wp-content\/uploads\/2021\/10\/plesk-300x120.png 300w\" sizes=\"auto, (max-width: 483px) 100vw, 483px\" \/><\/figure><\/li><li class=\"blocks-gallery-item\"><figure><img decoding=\"async\" src=\"https:\/\/celikyapisanayi.com\/wp-content\/uploads\/2021\/10\/semrush.png\" alt=\"\" data-id=\"127\" data-full-url=\"https:\/\/celikyapisanayi.com\/wp-content\/uploads\/2021\/10\/semrush.png\" data-link=\"https:\/\/celikyapisanayi.com\/cozum-ortaklari\/semrush\/\" class=\"wp-image-127\"\/><\/figure><\/li><li class=\"blocks-gallery-item\"><figure><img loading=\"lazy\" decoding=\"async\" width=\"500\" height=\"94\" src=\"https:\/\/celikyapisanayi.com\/wp-content\/uploads\/2021\/10\/themeforest.png\" alt=\"\" data-id=\"128\" data-full-url=\"https:\/\/celikyapisanayi.com\/wp-content\/uploads\/2021\/10\/themeforest.png\" data-link=\"https:\/\/celikyapisanayi.com\/cozum-ortaklari\/themeforest\/\" class=\"wp-image-128\" srcset=\"https:\/\/celikyapisanayi.com\/wp-content\/uploads\/2021\/10\/themeforest.png 500w, https:\/\/celikyapisanayi.com\/wp-content\/uploads\/2021\/10\/themeforest-300x56.png 300w\" sizes=\"auto, (max-width: 500px) 100vw, 500px\" \/><\/figure><\/li><li class=\"blocks-gallery-item\"><figure><img loading=\"lazy\" decoding=\"async\" width=\"500\" height=\"101\" src=\"https:\/\/celikyapisanayi.com\/wp-content\/uploads\/2021\/10\/woocommerce.png\" alt=\"\" data-id=\"129\" data-full-url=\"https:\/\/celikyapisanayi.com\/wp-content\/uploads\/2021\/10\/woocommerce.png\" data-link=\"https:\/\/celikyapisanayi.com\/cozum-ortaklari\/woocommerce\/\" class=\"wp-image-129\" srcset=\"https:\/\/celikyapisanayi.com\/wp-content\/uploads\/2021\/10\/woocommerce.png 500w, https:\/\/celikyapisanayi.com\/wp-content\/uploads\/2021\/10\/woocommerce-300x61.png 300w\" sizes=\"auto, (max-width: 500px) 100vw, 500px\" \/><\/figure><\/li><\/ul><\/figure>\n","protected":false},"excerpt":{"rendered":"<p>Bu sayfada Referanslar Sayfa \u015eablonu ile olu\u015fturulmu\u015f bir galeri g\u00f6rmektesiniz. Sayfa i\u00e7ine galeri d\u0131\u015f\u0131nda ba\u015fka elemanlar da ekleyebilirsiniz.<\/p>\n","protected":false},"author":1,"featured_media":0,"parent":0,"menu_order":0,"comment_status":"closed","ping_status":"closed","template":"pages\/page-references.php","meta":{"footnotes":""},"class_list":["post-23","page","type-page","status-publish","hentry"],"aioseo_notices":[],"_links":{"self":[{"href":"https:\/\/celikyapisanayi.com\/index.php?rest_route=\/wp\/v2\/pages\/23","targetHints":{"allow":["GET"]}}],"collection":[{"href":"https:\/\/celikyapisanayi.com\/index.php?rest_route=\/wp\/v2\/pages"}],"about":[{"href":"https:\/\/celikyapisanayi.com\/index.php?rest_route=\/wp\/v2\/types\/page"}],"author":[{"embeddable":true,"href":"https:\/\/celikyapisanayi.com\/index.php?rest_route=\/wp\/v2\/users\/1"}],"replies":[{"embeddable":true,"href":"https:\/\/celikyapisanayi.com\/index.php?rest_route=%2Fwp%2Fv2%2Fcomments&post=23"}],"version-history":[{"count":2,"href":"https:\/\/celikyapisanayi.com\/index.php?rest_route=\/wp\/v2\/pages\/23\/revisions"}],"predecessor-version":[{"id":132,"href":"https:\/\/celikyapisanayi.com\/index.php?rest_route=\/wp\/v2\/pages\/23\/revisions\/132"}],"wp:attachment":[{"href":"https:\/\/celikyapisanayi.com\/index.php?rest_route=%2Fwp%2Fv2%2Fmedia&parent=23"}],"curies":[{"name":"wp","href":"https:\/\/api.w.org\/{rel}","templated":true}]}}