{"id":68,"date":"2020-06-03T20:11:05","date_gmt":"2020-06-03T17:11:05","guid":{"rendered":"https:\/\/celikyapisanayi.com\/foto-galeri\/"},"modified":"2021-10-14T11:14:03","modified_gmt":"2021-10-14T08:14:03","slug":"foto-galeri","status":"publish","type":"page","link":"https:\/\/celikyapisanayi.com\/?page_id=68","title":{"rendered":"Foto Galeri (Lightbox)"},"content":{"rendered":"\n<p>Bu sayfada temadaki dahili Lightbox \u00f6zelli\u011fi ile eklenen bir galeri g\u00f6rmektesiniz. Lightbox \u00f6zelli\u011fini tema ayarlar\u0131ndan pasif edip kendi Lighbox eklentinizi de kullanabilirsiniz. Ayn\u0131 galerinin yeni sayfada a\u00e7\u0131lan haline <a href=\"https:\/\/celikyapisanayi.com\/foto-galeri-sayfali\/\" data-type=\"page\" data-id=\"54\">buradan<\/a> ula\u015fabilirsiniz.<\/p>\n\n\n\n<figure class=\"wp-block-gallery columns-3 is-cropped wp-block-gallery-1 is-layout-flex wp-block-gallery-is-layout-flex\"><ul class=\"blocks-gallery-grid\"><li class=\"blocks-gallery-item\"><figure><a href=\"https:\/\/celikyapisanayi.com\/wp-content\/uploads\/2021\/10\/gallery00001.jpeg\"><img loading=\"lazy\" decoding=\"async\" width=\"1024\" height=\"682\" src=\"https:\/\/celikyapisanayi.com\/wp-content\/uploads\/2021\/10\/gallery00001-1024x682.jpeg\" alt=\"\" data-id=\"92\" data-full-url=\"https:\/\/celikyapisanayi.com\/wp-content\/uploads\/2021\/10\/gallery00001.jpeg\" data-link=\"https:\/\/celikyapisanayi.com\/foto-galeri-sayfali\/gallery00001\/\" class=\"wp-image-92\" srcset=\"https:\/\/celikyapisanayi.com\/wp-content\/uploads\/2021\/10\/gallery00001-1024x682.jpeg 1024w, https:\/\/celikyapisanayi.com\/wp-content\/uploads\/2021\/10\/gallery00001-300x200.jpeg 300w, https:\/\/celikyapisanayi.com\/wp-content\/uploads\/2021\/10\/gallery00001-768x512.jpeg 768w, https:\/\/celikyapisanayi.com\/wp-content\/uploads\/2021\/10\/gallery00001.jpeg 1280w\" sizes=\"auto, (max-width: 1024px) 100vw, 1024px\" \/><\/a><\/figure><\/li><li class=\"blocks-gallery-item\"><figure><a href=\"https:\/\/celikyapisanayi.com\/wp-content\/uploads\/2021\/10\/gallery00002.jpeg\"><img loading=\"lazy\" decoding=\"async\" width=\"1024\" height=\"682\" src=\"https:\/\/celikyapisanayi.com\/wp-content\/uploads\/2021\/10\/gallery00002-1024x682.jpeg\" alt=\"\" data-id=\"93\" data-full-url=\"https:\/\/celikyapisanayi.com\/wp-content\/uploads\/2021\/10\/gallery00002.jpeg\" data-link=\"https:\/\/celikyapisanayi.com\/foto-galeri-sayfali\/gallery00002\/\" class=\"wp-image-93\" srcset=\"https:\/\/celikyapisanayi.com\/wp-content\/uploads\/2021\/10\/gallery00002-1024x682.jpeg 1024w, https:\/\/celikyapisanayi.com\/wp-content\/uploads\/2021\/10\/gallery00002-300x200.jpeg 300w, https:\/\/celikyapisanayi.com\/wp-content\/uploads\/2021\/10\/gallery00002-768x512.jpeg 768w, https:\/\/celikyapisanayi.com\/wp-content\/uploads\/2021\/10\/gallery00002.jpeg 1280w\" sizes=\"auto, (max-width: 1024px) 100vw, 1024px\" \/><\/a><\/figure><\/li><li class=\"blocks-gallery-item\"><figure><a href=\"https:\/\/celikyapisanayi.com\/wp-content\/uploads\/2021\/10\/gallery00003.jpeg\"><img decoding=\"async\" src=\"https:\/\/celikyapisanayi.com\/wp-content\/uploads\/2021\/10\/gallery00003-1024x682.jpeg\" alt=\"\" data-id=\"94\" data-full-url=\"https:\/\/celikyapisanayi.com\/wp-content\/uploads\/2021\/10\/gallery00003.jpeg\" data-link=\"https:\/\/celikyapisanayi.com\/foto-galeri-sayfali\/gallery00003\/\" class=\"wp-image-94\"\/><\/a><\/figure><\/li><li class=\"blocks-gallery-item\"><figure><a href=\"https:\/\/celikyapisanayi.com\/wp-content\/uploads\/2021\/10\/gallery00004.jpeg\"><img decoding=\"async\" src=\"https:\/\/celikyapisanayi.com\/wp-content\/uploads\/2021\/10\/gallery00004-1024x681.jpeg\" alt=\"\" data-id=\"95\" data-full-url=\"https:\/\/celikyapisanayi.com\/wp-content\/uploads\/2021\/10\/gallery00004.jpeg\" data-link=\"https:\/\/celikyapisanayi.com\/foto-galeri-sayfali\/gallery00004\/\" class=\"wp-image-95\"\/><\/a><\/figure><\/li><li class=\"blocks-gallery-item\"><figure><a href=\"https:\/\/celikyapisanayi.com\/wp-content\/uploads\/2021\/10\/gallery00005.jpeg\"><img loading=\"lazy\" decoding=\"async\" width=\"1024\" height=\"682\" src=\"https:\/\/celikyapisanayi.com\/wp-content\/uploads\/2021\/10\/gallery00005-1024x682.jpeg\" alt=\"\" data-id=\"96\" data-full-url=\"https:\/\/celikyapisanayi.com\/wp-content\/uploads\/2021\/10\/gallery00005.jpeg\" data-link=\"https:\/\/celikyapisanayi.com\/foto-galeri-sayfali\/gallery00005\/\" class=\"wp-image-96\" srcset=\"https:\/\/celikyapisanayi.com\/wp-content\/uploads\/2021\/10\/gallery00005-1024x682.jpeg 1024w, https:\/\/celikyapisanayi.com\/wp-content\/uploads\/2021\/10\/gallery00005-300x200.jpeg 300w, https:\/\/celikyapisanayi.com\/wp-content\/uploads\/2021\/10\/gallery00005-768x512.jpeg 768w, https:\/\/celikyapisanayi.com\/wp-content\/uploads\/2021\/10\/gallery00005.jpeg 1280w\" sizes=\"auto, (max-width: 1024px) 100vw, 1024px\" \/><\/a><\/figure><\/li><li class=\"blocks-gallery-item\"><figure><a href=\"https:\/\/celikyapisanayi.com\/wp-content\/uploads\/2021\/10\/gallery00006.jpeg\"><img loading=\"lazy\" decoding=\"async\" width=\"1024\" height=\"682\" src=\"https:\/\/celikyapisanayi.com\/wp-content\/uploads\/2021\/10\/gallery00006-1024x682.jpeg\" alt=\"\" data-id=\"97\" data-full-url=\"https:\/\/celikyapisanayi.com\/wp-content\/uploads\/2021\/10\/gallery00006.jpeg\" data-link=\"https:\/\/celikyapisanayi.com\/foto-galeri-sayfali\/gallery00006\/\" class=\"wp-image-97\" srcset=\"https:\/\/celikyapisanayi.com\/wp-content\/uploads\/2021\/10\/gallery00006-1024x682.jpeg 1024w, https:\/\/celikyapisanayi.com\/wp-content\/uploads\/2021\/10\/gallery00006-300x200.jpeg 300w, https:\/\/celikyapisanayi.com\/wp-content\/uploads\/2021\/10\/gallery00006-768x512.jpeg 768w, https:\/\/celikyapisanayi.com\/wp-content\/uploads\/2021\/10\/gallery00006.jpeg 1280w\" sizes=\"auto, (max-width: 1024px) 100vw, 1024px\" \/><\/a><\/figure><\/li><li class=\"blocks-gallery-item\"><figure><a href=\"https:\/\/celikyapisanayi.com\/wp-content\/uploads\/2021\/10\/gallery00007.jpeg\"><img loading=\"lazy\" decoding=\"async\" width=\"1024\" height=\"682\" src=\"https:\/\/celikyapisanayi.com\/wp-content\/uploads\/2021\/10\/gallery00007-1024x682.jpeg\" alt=\"\" data-id=\"98\" data-full-url=\"https:\/\/celikyapisanayi.com\/wp-content\/uploads\/2021\/10\/gallery00007.jpeg\" data-link=\"https:\/\/celikyapisanayi.com\/foto-galeri-sayfali\/gallery00007\/\" class=\"wp-image-98\" srcset=\"https:\/\/celikyapisanayi.com\/wp-content\/uploads\/2021\/10\/gallery00007-1024x682.jpeg 1024w, https:\/\/celikyapisanayi.com\/wp-content\/uploads\/2021\/10\/gallery00007-300x200.jpeg 300w, https:\/\/celikyapisanayi.com\/wp-content\/uploads\/2021\/10\/gallery00007-768x512.jpeg 768w, https:\/\/celikyapisanayi.com\/wp-content\/uploads\/2021\/10\/gallery00007.jpeg 1280w\" sizes=\"auto, (max-width: 1024px) 100vw, 1024px\" \/><\/a><\/figure><\/li><li class=\"blocks-gallery-item\"><figure><a href=\"https:\/\/celikyapisanayi.com\/wp-content\/uploads\/2021\/10\/gallery00008.jpeg\"><img loading=\"lazy\" decoding=\"async\" width=\"1024\" height=\"682\" src=\"https:\/\/celikyapisanayi.com\/wp-content\/uploads\/2021\/10\/gallery00008-1024x682.jpeg\" alt=\"\" data-id=\"99\" data-full-url=\"https:\/\/celikyapisanayi.com\/wp-content\/uploads\/2021\/10\/gallery00008.jpeg\" data-link=\"https:\/\/celikyapisanayi.com\/foto-galeri-sayfali\/gallery00008\/\" class=\"wp-image-99\" srcset=\"https:\/\/celikyapisanayi.com\/wp-content\/uploads\/2021\/10\/gallery00008-1024x682.jpeg 1024w, https:\/\/celikyapisanayi.com\/wp-content\/uploads\/2021\/10\/gallery00008-300x200.jpeg 300w, https:\/\/celikyapisanayi.com\/wp-content\/uploads\/2021\/10\/gallery00008-768x511.jpeg 768w, https:\/\/celikyapisanayi.com\/wp-content\/uploads\/2021\/10\/gallery00008.jpeg 1280w\" sizes=\"auto, (max-width: 1024px) 100vw, 1024px\" \/><\/a><\/figure><\/li><li class=\"blocks-gallery-item\"><figure><a href=\"https:\/\/celikyapisanayi.com\/wp-content\/uploads\/2021\/10\/gallery00009.jpeg\"><img loading=\"lazy\" decoding=\"async\" width=\"1024\" height=\"683\" src=\"https:\/\/celikyapisanayi.com\/wp-content\/uploads\/2021\/10\/gallery00009-1024x683.jpeg\" alt=\"\" data-id=\"100\" data-full-url=\"https:\/\/celikyapisanayi.com\/wp-content\/uploads\/2021\/10\/gallery00009.jpeg\" data-link=\"https:\/\/celikyapisanayi.com\/foto-galeri-sayfali\/gallery00009\/\" class=\"wp-image-100\" srcset=\"https:\/\/celikyapisanayi.com\/wp-content\/uploads\/2021\/10\/gallery00009-1024x683.jpeg 1024w, https:\/\/celikyapisanayi.com\/wp-content\/uploads\/2021\/10\/gallery00009-300x200.jpeg 300w, https:\/\/celikyapisanayi.com\/wp-content\/uploads\/2021\/10\/gallery00009-768x512.jpeg 768w, https:\/\/celikyapisanayi.com\/wp-content\/uploads\/2021\/10\/gallery00009.jpeg 1280w\" sizes=\"auto, (max-width: 1024px) 100vw, 1024px\" \/><\/a><\/figure><\/li><li class=\"blocks-gallery-item\"><figure><a href=\"https:\/\/celikyapisanayi.com\/wp-content\/uploads\/2021\/10\/gallery00010.jpeg\"><img loading=\"lazy\" decoding=\"async\" width=\"1024\" height=\"576\" src=\"https:\/\/celikyapisanayi.com\/wp-content\/uploads\/2021\/10\/gallery00010-1024x576.jpeg\" alt=\"\" data-id=\"101\" data-full-url=\"https:\/\/celikyapisanayi.com\/wp-content\/uploads\/2021\/10\/gallery00010.jpeg\" data-link=\"https:\/\/celikyapisanayi.com\/foto-galeri-sayfali\/gallery00010\/\" class=\"wp-image-101\" srcset=\"https:\/\/celikyapisanayi.com\/wp-content\/uploads\/2021\/10\/gallery00010-1024x576.jpeg 1024w, https:\/\/celikyapisanayi.com\/wp-content\/uploads\/2021\/10\/gallery00010-300x169.jpeg 300w, https:\/\/celikyapisanayi.com\/wp-content\/uploads\/2021\/10\/gallery00010-768x432.jpeg 768w, https:\/\/celikyapisanayi.com\/wp-content\/uploads\/2021\/10\/gallery00010.jpeg 1280w\" sizes=\"auto, (max-width: 1024px) 100vw, 1024px\" \/><\/a><\/figure><\/li><li class=\"blocks-gallery-item\"><figure><a href=\"https:\/\/celikyapisanayi.com\/wp-content\/uploads\/2021\/10\/gallery00011.jpeg\"><img loading=\"lazy\" decoding=\"async\" width=\"1024\" height=\"682\" src=\"https:\/\/celikyapisanayi.com\/wp-content\/uploads\/2021\/10\/gallery00011-1024x682.jpeg\" alt=\"\" data-id=\"102\" data-full-url=\"https:\/\/celikyapisanayi.com\/wp-content\/uploads\/2021\/10\/gallery00011.jpeg\" data-link=\"https:\/\/celikyapisanayi.com\/foto-galeri-sayfali\/gallery00011\/\" class=\"wp-image-102\" srcset=\"https:\/\/celikyapisanayi.com\/wp-content\/uploads\/2021\/10\/gallery00011-1024x682.jpeg 1024w, https:\/\/celikyapisanayi.com\/wp-content\/uploads\/2021\/10\/gallery00011-300x200.jpeg 300w, https:\/\/celikyapisanayi.com\/wp-content\/uploads\/2021\/10\/gallery00011-768x512.jpeg 768w, https:\/\/celikyapisanayi.com\/wp-content\/uploads\/2021\/10\/gallery00011.jpeg 1280w\" sizes=\"auto, (max-width: 1024px) 100vw, 1024px\" \/><\/a><\/figure><\/li><li class=\"blocks-gallery-item\"><figure><a href=\"https:\/\/celikyapisanayi.com\/wp-content\/uploads\/2021\/10\/gallery00012.jpeg\"><img loading=\"lazy\" decoding=\"async\" width=\"1024\" height=\"682\" src=\"https:\/\/celikyapisanayi.com\/wp-content\/uploads\/2021\/10\/gallery00012-1024x682.jpeg\" alt=\"\" data-id=\"103\" data-full-url=\"https:\/\/celikyapisanayi.com\/wp-content\/uploads\/2021\/10\/gallery00012.jpeg\" data-link=\"https:\/\/celikyapisanayi.com\/foto-galeri-sayfali\/gallery00012\/\" class=\"wp-image-103\" srcset=\"https:\/\/celikyapisanayi.com\/wp-content\/uploads\/2021\/10\/gallery00012-1024x682.jpeg 1024w, https:\/\/celikyapisanayi.com\/wp-content\/uploads\/2021\/10\/gallery00012-300x200.jpeg 300w, https:\/\/celikyapisanayi.com\/wp-content\/uploads\/2021\/10\/gallery00012-768x512.jpeg 768w, https:\/\/celikyapisanayi.com\/wp-content\/uploads\/2021\/10\/gallery00012.jpeg 1280w\" sizes=\"auto, (max-width: 1024px) 100vw, 1024px\" \/><\/a><\/figure><\/li><li class=\"blocks-gallery-item\"><figure><a href=\"https:\/\/celikyapisanayi.com\/wp-content\/uploads\/2021\/10\/gallery00013.jpeg\"><img loading=\"lazy\" decoding=\"async\" width=\"1024\" height=\"664\" src=\"https:\/\/celikyapisanayi.com\/wp-content\/uploads\/2021\/10\/gallery00013-1024x664.jpeg\" alt=\"\" data-id=\"104\" data-full-url=\"https:\/\/celikyapisanayi.com\/wp-content\/uploads\/2021\/10\/gallery00013.jpeg\" data-link=\"https:\/\/celikyapisanayi.com\/foto-galeri-sayfali\/gallery00013\/\" class=\"wp-image-104\" srcset=\"https:\/\/celikyapisanayi.com\/wp-content\/uploads\/2021\/10\/gallery00013-1024x664.jpeg 1024w, https:\/\/celikyapisanayi.com\/wp-content\/uploads\/2021\/10\/gallery00013-300x195.jpeg 300w, https:\/\/celikyapisanayi.com\/wp-content\/uploads\/2021\/10\/gallery00013-768x498.jpeg 768w, https:\/\/celikyapisanayi.com\/wp-content\/uploads\/2021\/10\/gallery00013.jpeg 1280w\" sizes=\"auto, (max-width: 1024px) 100vw, 1024px\" \/><\/a><\/figure><\/li><li class=\"blocks-gallery-item\"><figure><a href=\"https:\/\/celikyapisanayi.com\/wp-content\/uploads\/2021\/10\/gallery00014.jpeg\"><img loading=\"lazy\" decoding=\"async\" width=\"1024\" height=\"682\" src=\"https:\/\/celikyapisanayi.com\/wp-content\/uploads\/2021\/10\/gallery00014-1024x682.jpeg\" alt=\"\" data-id=\"105\" data-full-url=\"https:\/\/celikyapisanayi.com\/wp-content\/uploads\/2021\/10\/gallery00014.jpeg\" data-link=\"https:\/\/celikyapisanayi.com\/foto-galeri-sayfali\/gallery00014\/\" class=\"wp-image-105\" srcset=\"https:\/\/celikyapisanayi.com\/wp-content\/uploads\/2021\/10\/gallery00014-1024x682.jpeg 1024w, https:\/\/celikyapisanayi.com\/wp-content\/uploads\/2021\/10\/gallery00014-300x200.jpeg 300w, https:\/\/celikyapisanayi.com\/wp-content\/uploads\/2021\/10\/gallery00014-768x512.jpeg 768w, https:\/\/celikyapisanayi.com\/wp-content\/uploads\/2021\/10\/gallery00014.jpeg 1280w\" sizes=\"auto, (max-width: 1024px) 100vw, 1024px\" \/><\/a><\/figure><\/li><li class=\"blocks-gallery-item\"><figure><a href=\"https:\/\/celikyapisanayi.com\/wp-content\/uploads\/2021\/10\/g00015-1.jpeg\"><img decoding=\"async\" src=\"https:\/\/celikyapisanayi.com\/wp-content\/uploads\/2021\/10\/g00015-1-1024x682.jpeg\" alt=\"\" data-id=\"272\" data-full-url=\"https:\/\/celikyapisanayi.com\/wp-content\/uploads\/2021\/10\/g00015-1.jpeg\" data-link=\"https:\/\/celikyapisanayi.com\/foto-galeri-sayfali\/g00015-2\/\" class=\"wp-image-272\"\/><\/a><\/figure><\/li><\/ul><\/figure>\n","protected":false},"excerpt":{"rendered":"<p>Bu sayfada temadaki dahili Lightbox \u00f6zelli\u011fi ile eklenen bir galeri g\u00f6rmektesiniz. Lightbox \u00f6zelli\u011fini tema ayarlar\u0131ndan pasif edip kendi Lighbox eklentinizi de kullanabilirsiniz. Ayn\u0131 galerinin yeni sayfada a\u00e7\u0131lan haline buradan ula\u015fabilirsiniz.<\/p>\n","protected":false},"author":1,"featured_media":0,"parent":0,"menu_order":0,"comment_status":"closed","ping_status":"closed","template":"","meta":{"footnotes":""},"class_list":["post-68","page","type-page","status-publish","hentry"],"aioseo_notices":[],"_links":{"self":[{"href":"https:\/\/celikyapisanayi.com\/index.php?rest_route=\/wp\/v2\/pages\/68","targetHints":{"allow":["GET"]}}],"collection":[{"href":"https:\/\/celikyapisanayi.com\/index.php?rest_route=\/wp\/v2\/pages"}],"about":[{"href":"https:\/\/celikyapisanayi.com\/index.php?rest_route=\/wp\/v2\/types\/page"}],"author":[{"embeddable":true,"href":"https:\/\/celikyapisanayi.com\/index.php?rest_route=\/wp\/v2\/users\/1"}],"replies":[{"embeddable":true,"href":"https:\/\/celikyapisanayi.com\/index.php?rest_route=%2Fwp%2Fv2%2Fcomments&post=68"}],"version-history":[{"count":2,"href":"https:\/\/celikyapisanayi.com\/index.php?rest_route=\/wp\/v2\/pages\/68\/revisions"}],"predecessor-version":[{"id":274,"href":"https:\/\/celikyapisanayi.com\/index.php?rest_route=\/wp\/v2\/pages\/68\/revisions\/274"}],"wp:attachment":[{"href":"https:\/\/celikyapisanayi.com\/index.php?rest_route=%2Fwp%2Fv2%2Fmedia&parent=68"}],"curies":[{"name":"wp","href":"https:\/\/api.w.org\/{rel}","templated":true}]}}